{"id":1320,"date":"2023-12-06T16:56:01","date_gmt":"2023-12-06T16:56:01","guid":{"rendered":"https:\/\/www.jivaloka.com\/?post_type=product&#038;p=1320"},"modified":"2025-01-21T06:49:42","modified_gmt":"2025-01-21T06:49:42","slug":"instrumen-transformatif-habituasi-dan-optimalisasi-diri-menjalani-kehidupan","status":"publish","type":"product","link":"https:\/\/www.jivaloka.com\/?product=instrumen-transformatif-habituasi-dan-optimalisasi-diri-menjalani-kehidupan","title":{"rendered":"Instrumen Transformatif: Habituasi dan Optimalisasi Diri Menjalani Kehidupan"},"content":{"rendered":"<p>Judul Buku: Instrumen Transformatif: Habituasi dan Optimalisasi Diri Menjalani Kehidupan<\/p>\n<p>Penulis: Prof. Dr. Hamzah, M.Ag<\/p>\n<p>Penyunting: Ahmad Jauhari<\/p>\n<p>Cetakan: 1, 2023<br \/>\nvi+ 120 hlm; 15 x 23 cm<br \/>\n140-jivaloka-publishing<br \/>\nISBN: (Cetak)<br \/>\nISBN: (Digital)<br \/>\nHarga: Rp. 45.000,-<\/p>\n<p>&nbsp;<\/p>\n<p><strong>SINOPSIS<\/strong><\/p>\n<p>&nbsp;<\/p>\n<p>Instrumen Transformatif menawarkan cara berpikir dengan melatih dan mengolah (Latin: <em><i>\u012bnstru\u014d<\/i><\/em>) serta bergerak (<em><i>mov\u0113re<\/i><\/em>) dalam momentum, untuk melampaui (<em><i>trans<\/i><\/em>) kebekuan atau kejumudan bentuk (<em><i>forma<\/i><\/em>) pola berpikir di dalam memandang kenyataan. Hidup ini merupakan rangkaian habituasi (kebiasaan) beragam tindakan. Karenanya, mengoptimalkan diri untuk senantiasa maksimal dalam bertindak merupakan sebentuk keniscayaan. Oleh sebab realitas sebagai kenyataan hidup, pada fakta dan datanya adalah kompleks, enigmatik, dan misterius.<\/p>\n<p>&nbsp;<\/p>\n<p>Mendeskripsikan\u00a0kenyataan\u00a0dengan nalar\u00a0merupakan kunci utama <em><i>problem solving<\/i><\/em>. Namun, kecakapan tersebut belumlah cukup. Perlu\u00a0menalar dan memilah antara data dan fakta. Data adalah <em><i>kenyataan objektif<\/i><\/em>\u00a0yang ditangkap manusia, terkait <em><i>dunia eksternal<\/i><\/em>\u00a0dalam menghadapi kenyataan.\u00a0Sedangkan, fakta adalah <em><i>kenyataan subjektif<\/i><\/em>\u00a0yang dialami manusia, terkait <em><i>dunia internal<\/i><\/em>\u00a0yang berkecamuk di dalam dirinya.<\/p>\n<p>&nbsp;<\/p>\n<p>Upaya penulis memetakan problematika, menjelaskan duduk perkara, pengambilan posisi reflektif dalam mewedar pengalaman, dan tawaran kritis sebagai model refleksi diri, merupakan refleksi penulis untuk\u00a0sungguh-sungguh menjalani hidup ini, bahwa\u00a0pilihan profesi\u00a0apapun itu, sebagai jejak melangkah,\u00a0merupakan satu di antara jalan hidup, yang patut terus-menerus dimaknai dan dihidupi sebagai keutuhan menjadi manusia berdaulat dan bermartabat.<\/p>\n<p>======================================================================================================================<\/p>\n<p><strong>BIOGRAFI PENULIS<\/strong><\/p>\n<p><strong>\u00a0<\/strong><\/p>\n<p><strong>Prof. <\/strong><strong>Dr.<\/strong><strong>\u00a0<\/strong><strong>Hamzah,<\/strong><strong>\u00a0<\/strong><strong>M.Ag.<\/strong><strong>\u00a0<\/strong>Lahir\u00a0di\u00a0Tanjung.\u00a0Jabung,\u00a0Jambi,\u00a012\u00a0Juli 1965. Penulis adalah dosen UIN Alauddin Makassar sejak 1998, Selain itu, penulis juga aktif sebagai Dewan\u00a0Pertimbangan\u00a0Majelis\u00a0Ulama\u00a0Kota\u00a0Sorong\u00a0(2018-2023).\u00a0Memulai pendidikan formal di Siwa Kab. Wajo Sul-Sel dan tamat 1977. Madrsah Tsanawiyah dan Aliyah di Pesantren Al-Furqan Darud Dakwah wal Irsyad (DDI) Parepare, tamat 1983. Penulis menyelesaikan studi Sarjana Muda (BA) pada Fakultas Syariah IAIN Alauddin Makassar (1986) dan sarjana Ilmu Tafsir dan Ilmu Hadis IAIN Alauddin Makassar (1989), Magister Ilmu Tafsir dan Ilmu Hadis IAIN Alauddin Makassar (2000); menyelesaikan program doktor Ilmu Ekonomi Islam pada Sekolah Pascasarjana UIN Syarif Hidayatullah Jakarta (2009).<\/p>\n<p>&nbsp;<\/p>\n<p>Menjadi reviwer bidang agama pada lembaga pengelola dana pendidikan (LPDP) Kementerian Keuangan Republik Indonesia 2013-2014. Tahun 2012-2016 menjadi Wakil Ketua I Sekolah Tinggi Agama Islam Negeri (STAIN) Sorong; 2016-2020 sebagai Ketua Sekolah Tinggi Agama Islam Negeri (IAIN) Sorong dan pada tahun 2020 dilantik menjadi Rektor Institut Agama Islam Negeri (IAIN) Sorong. Sejak tahun 2009 menjadi Dosen serta pembimbing dan promotor penelitian tesis dan disertasi mahasiswa Pascasarjana UIN Alauddin Makassar<\/p>\n<p>&nbsp;<\/p>\n<p>Beberapa penelitian dan karya ilmiah yang pernah dipublikasikannya antara lain: <em>Pesona Kandungan Alquran<\/em> (Al-Qushwa, 1989); \u201cTelaah Fungsi Manajemen dalam al-Qur\u2019an\u201d (<em>J<\/em><em>u<\/em><em>r<\/em><em>n<\/em><em>a<\/em><em>l<\/em><em>\u00a0<\/em><em>a<\/em><em>l-<\/em><em>F<\/em><em>i<\/em><em>k<\/em><em>r<\/em><em>,<\/em><em>\u00a0<\/em>2010); <em>Membangun Keluarga Sakinah<\/em>\u00a0(Mazhab Ciptutat, 2011); <em>Ekonomi Zakat<\/em>\u00a0(Alauddin University Press, 2012);\u00a0<em>E<\/em><em>k<\/em><em>o<\/em><em>n<\/em><em>o<\/em><em>m<\/em><em>i<\/em><em>\u00a0<\/em><em>Z<\/em><em>a<\/em><em>k<\/em><em>a<\/em><em>t<\/em><em>\u00a0<\/em>(UIN Alauddin Press, 2012); <em>Ekonomi<\/em><em>\u00a0<\/em><em>Islam<\/em><em>\u00a0<\/em><em>Kerangka<\/em><em>\u00a0<\/em><em>Dasar:<\/em><em>\u00a0<\/em><em>Studi<\/em><em>\u00a0<\/em><em>Tokoh<\/em><em>\u00a0<\/em><em>dan Kelembagaan Ekonomi <\/em>(UIN Alauddin Press, 2013); <em>Ekonomi Islam: Prinsip-Prinsip \u00a0dan Instrumen Ekonomi<\/em>\u00a0(Nadi Pustaka, 2013); &#8220;Profesi Perempuan dalam al-Qur&#8217;an: Perenungan Reorientasi Profesi Perempuan dalam Mendukung Ekonomi Rumah Tangga\u00a0di\u00a0Era Informasi&#8221; (<em>Prosiding, <\/em>Perkumpulan Pusat \u00a0Studi \u00a0Gender dan Anak Seluruh Indonesia &amp; Universitas Airlangga, 2015); \u201cMeasuring\u00a0the\u00a0\u00a0Effectiveness \u00a0of\u00a0\u00a0Zakat\u00a0\u00a0Distribution:\u00a0\u00a0Case Study of Payment Behavior of Nomads in Sorong, West Papua, Indonesia (<em>MCSER Publishing Rome, <\/em>Vol. 7 No. 3, May 2016); <em>Ekonomi Islam Keuangan Bisnis dan Sosial <\/em>(Kaukaba, 2015); <em>Ekonomi Perspektif <\/em><em>Al-Qur\u2019an <\/em>(Kaukaba, 2016); <em>Keuangan Islam: Prinsip Operasional Lembaga Keuangan (Jivaloka, 2019); <\/em><em>Ekonomi <\/em><em>Al-Qur\u2019an<\/em><em>: Upaya Meneguhkan Ilmu Ekonomi Islam (Jivaloka, 2020); <\/em>dan lainnya.<\/p>\n","protected":false},"excerpt":{"rendered":"<p>Judul Buku: Instrumen Transformatif: Habituasi dan Optimalisasi Diri Menjalani Kehidupan Penulis: Prof. Dr. Hamzah, M.Ag Penyunting: Ahmad Jauhari Cetakan: 1, 2023 vi+ 120 hlm; 15 x 23 cm 140-jivaloka-publishing ISBN: (Cetak) ISBN: (Digital) Harga: Rp. 45.000,- &nbsp; SINOPSIS &nbsp; Instrumen Transformatif menawarkan cara berpikir dengan melatih dan mengolah (Latin: \u012bnstru\u014d) serta bergerak (mov\u0113re) dalam momentum, [&hellip;]<\/p>\n","protected":false},"featured_media":1338,"comment_status":"closed","ping_status":"closed","template":"","meta":[],"product_cat":[32],"product_tag":[],"_links":{"self":[{"href":"https:\/\/www.jivaloka.com\/index.php?rest_route=\/wp\/v2\/product\/1320"}],"collection":[{"href":"https:\/\/www.jivaloka.com\/index.php?rest_route=\/wp\/v2\/product"}],"about":[{"href":"https:\/\/www.jivaloka.com\/index.php?rest_route=\/wp\/v2\/types\/product"}],"replies":[{"embeddable":true,"href":"https:\/\/www.jivaloka.com\/index.php?rest_route=%2Fwp%2Fv2%2Fcomments&post=1320"}],"wp:featuredmedia":[{"embeddable":true,"href":"https:\/\/www.jivaloka.com\/index.php?rest_route=\/wp\/v2\/media\/1338"}],"wp:attachment":[{"href":"https:\/\/www.jivaloka.com\/index.php?rest_route=%2Fwp%2Fv2%2Fmedia&parent=1320"}],"wp:term":[{"taxonomy":"product_cat","embeddable":true,"href":"https:\/\/www.jivaloka.com\/index.php?rest_route=%2Fwp%2Fv2%2Fproduct_cat&post=1320"},{"taxonomy":"product_tag","embeddable":true,"href":"https:\/\/www.jivaloka.com\/index.php?rest_route=%2Fwp%2Fv2%2Fproduct_tag&post=1320"}],"curies":[{"name":"wp","href":"https:\/\/api.w.org\/{rel}","templated":true}]}}